{"id":1217,"date":"2025-08-14T03:46:36","date_gmt":"2025-08-14T03:46:36","guid":{"rendered":"https:\/\/filizgidatemizlik.com\/?page_id=1217"},"modified":"2025-08-25T08:02:54","modified_gmt":"2025-08-25T08:02:54","slug":"hakkimizda","status":"publish","type":"page","link":"https:\/\/filizgidatemizlik.com\/index.php\/hakkimizda\/","title":{"rendered":"Hakk\u0131m\u0131zda"},"content":{"rendered":"\t\t<div data-elementor-type=\"wp-page\" data-elementor-id=\"1217\" class=\"elementor elementor-1217\" data-elementor-post-type=\"page\">\n\t\t\t\t<div class=\"elementor-element elementor-element-27ffaaa e-flex e-con-boxed e-con e-parent\" data-id=\"27ffaaa\" data-element_type=\"container\" data-e-type=\"container\">\n\t\t\t\t\t<div class=\"e-con-inner\">\n\t\t\t\t<div class=\"elementor-element elementor-element-1269ed9 elementor-widget elementor-widget-image\" data-id=\"1269ed9\" data-element_type=\"widget\" data-e-type=\"widget\" data-widget_type=\"image.default\">\n\t\t\t\t\t\t\t\t\t\t\t\t\t\t\t<img fetchpriority=\"high\" decoding=\"async\" width=\"800\" height=\"320\" src=\"https:\/\/filizgidatemizlik.com\/wp-content\/uploads\/2021\/12\/filiz-gida-toptan-1.png\" class=\"attachment-large size-large wp-image-1259\" alt=\"\" srcset=\"https:\/\/filizgidatemizlik.com\/wp-content\/uploads\/2021\/12\/filiz-gida-toptan-1.png 1000w, https:\/\/filizgidatemizlik.com\/wp-content\/uploads\/2021\/12\/filiz-gida-toptan-1-300x120.png 300w, https:\/\/filizgidatemizlik.com\/wp-content\/uploads\/2021\/12\/filiz-gida-toptan-1-768x307.png 768w\" sizes=\"(max-width: 800px) 100vw, 800px\" \/>\t\t\t\t\t\t\t\t\t\t\t\t\t\t\t<\/div>\n\t\t\t\t\t<\/div>\n\t\t\t\t<\/div>\n\t\t<div class=\"elementor-element elementor-element-f1859bc e-flex e-con-boxed e-con e-parent\" data-id=\"f1859bc\" data-element_type=\"container\" data-e-type=\"container\">\n\t\t\t\t\t<div class=\"e-con-inner\">\n\t\t\t\t<div class=\"elementor-element elementor-element-80a6839 elementor-widget elementor-widget-text-editor\" data-id=\"80a6839\" data-element_type=\"widget\" data-e-type=\"widget\" data-widget_type=\"text-editor.default\">\n\t\t\t\t\t\t\t\t\t<h2 data-start=\"164\" data-end=\"183\"><strong data-start=\"167\" data-end=\"181\">Hakk\u0131m\u0131zda<\/strong><\/h2><p data-start=\"185\" data-end=\"544\"><strong data-start=\"185\" data-end=\"211\">Filiz G\u0131da ve Temizlik<\/strong>, g\u0131da ve temizlik malzemeleri toptanc\u0131l\u0131\u011f\u0131 alan\u0131nda g\u00fcvenilirli\u011fi, kaliteli \u00fcr\u00fcnleri ve m\u00fc\u015fteri odakl\u0131 hizmet anlay\u0131\u015f\u0131yla \u00f6ne \u00e7\u0131kan bir tedarik firmas\u0131d\u0131r. Marketler ve perakende i\u015fletmeleri ba\u015fta olmak \u00fczere, farkl\u0131 \u00f6l\u00e7eklerdeki i\u015f ortaklar\u0131m\u0131za geni\u015f \u00fcr\u00fcn yelpazemiz ve g\u00fc\u00e7l\u00fc lojistik altyap\u0131m\u0131z ile kesintisiz hizmet sunuyoruz.<\/p><p data-start=\"546\" data-end=\"887\">\u00dcr\u00fcn portf\u00f6y\u00fcm\u00fcz; temel g\u0131da maddelerinden at\u0131\u015ft\u0131rmal\u0131klara, end\u00fcstriyel temizlik \u00fcr\u00fcnlerinden hijyen malzemelerine kadar uzanmakta ve t\u00fcm ihtiya\u00e7lara tek noktadan \u00e7\u00f6z\u00fcm sa\u011flamaktad\u0131r. Deneyimli ekibimiz, d\u00fczenli stok y\u00f6netimimiz ve h\u0131zl\u0131 teslimat politikam\u0131zla, m\u00fc\u015fterilerimizin her zaman g\u00fcvenebilece\u011fi bir i\u015f orta\u011f\u0131 olmay\u0131 hedefliyoruz.<\/p><hr data-start=\"889\" data-end=\"892\" \/><h2 data-start=\"894\" data-end=\"913\"><strong data-start=\"897\" data-end=\"911\">Misyonumuz<\/strong><\/h2><p data-start=\"914\" data-end=\"1112\">M\u00fc\u015fterilerimize, y\u00fcksek kaliteli g\u0131da ve temizlik \u00fcr\u00fcnlerini <strong data-start=\"975\" data-end=\"1022\">zaman\u0131nda, eksiksiz ve rekabet\u00e7i fiyatlarla<\/strong> sunarak i\u015f s\u00fcre\u00e7lerini kolayla\u015ft\u0131rmak; g\u00fcvene dayal\u0131 uzun soluklu i\u015f birlikleri kurmak.<\/p><hr data-start=\"1114\" data-end=\"1117\" \/><h2 data-start=\"1119\" data-end=\"1138\"><strong data-start=\"1122\" data-end=\"1136\">Vizyonumuz<\/strong><\/h2><p data-start=\"1139\" data-end=\"1340\">T\u00fcrkiye\u2019nin d\u00f6rt bir yan\u0131nda, g\u0131da ve temizlik malzemeleri tedari\u011finde <strong data-start=\"1210\" data-end=\"1234\">ilk akla gelen marka<\/strong> olmak; kaliteli hizmet, yenilik\u00e7i \u00e7\u00f6z\u00fcmler ve s\u00fcrd\u00fcr\u00fclebilir i\u015f anlay\u0131\u015f\u0131yla sekt\u00f6rde liderli\u011fe ula\u015fmak.<\/p><hr data-start=\"1342\" data-end=\"1345\" \/><h2 data-start=\"1347\" data-end=\"1378\"><strong data-start=\"1350\" data-end=\"1376\">Kalite Standartlar\u0131m\u0131z<\/strong><\/h2><ul data-start=\"1379\" data-end=\"1844\"><li data-start=\"1379\" data-end=\"1482\"><p data-start=\"1381\" data-end=\"1482\"><strong data-start=\"1381\" data-end=\"1399\">\u00dcr\u00fcn Kalitesi:<\/strong> Tedarik etti\u011fimiz t\u00fcm \u00fcr\u00fcnler, g\u0131da g\u00fcvenli\u011fi ve hijyen standartlar\u0131na uygundur.<\/p><\/li><li data-start=\"1483\" data-end=\"1594\"><p data-start=\"1485\" data-end=\"1594\"><strong data-start=\"1485\" data-end=\"1505\">Hizmet Kalitesi:<\/strong> Sipari\u015ften teslimata kadar t\u00fcm s\u00fcre\u00e7lerde h\u0131zl\u0131, eksiksiz ve g\u00fcvenilir hizmet sunar\u0131z.<\/p><\/li><li data-start=\"1595\" data-end=\"1712\"><p data-start=\"1597\" data-end=\"1712\"><strong data-start=\"1597\" data-end=\"1619\">S\u00fcrd\u00fcr\u00fclebilirlik:<\/strong> \u00c7evre dostu \u00fcr\u00fcn ve ambalaj tercihleri ile do\u011faya duyarl\u0131 bir tedarik zinciri olu\u015ftururuz.<\/p><\/li><li data-start=\"1713\" data-end=\"1844\"><p data-start=\"1715\" data-end=\"1844\"><strong data-start=\"1715\" data-end=\"1739\">M\u00fc\u015fteri Memnuniyeti:<\/strong> M\u00fc\u015fterilerimizin ihtiya\u00e7 ve beklentilerini do\u011fru analiz ederek, daima en uygun \u00e7\u00f6z\u00fcmleri geli\u015ftiririz.<\/p><\/li><\/ul>\t\t\t\t\t\t\t\t<\/div>\n\t\t\t\t\t<\/div>\n\t\t\t\t<\/div>\n\t\t\t\t<\/div>\n\t\t","protected":false},"excerpt":{"rendered":"<p>Hakk\u0131m\u0131zda Filiz G\u0131da ve Temizlik, g\u0131da ve temizlik malzemeleri toptanc\u0131l\u0131\u011f\u0131 alan\u0131nda g\u00fcvenilirli\u011fi, kaliteli \u00fcr\u00fcnleri ve m\u00fc\u015fteri odakl\u0131 hizmet anlay\u0131\u015f\u0131yla \u00f6ne \u00e7\u0131kan bir tedarik firmas\u0131d\u0131r. Marketler ve perakende i\u015fletmeleri ba\u015fta olmak \u00fczere, farkl\u0131 \u00f6l\u00e7eklerdeki i\u015f ortaklar\u0131m\u0131za geni\u015f \u00fcr\u00fcn yelpazemiz ve g\u00fc\u00e7l\u00fc lojistik altyap\u0131m\u0131z ile kesintisiz hizmet sunuyoruz. \u00dcr\u00fcn portf\u00f6y\u00fcm\u00fcz; temel g\u0131da maddelerinden at\u0131\u015ft\u0131rmal\u0131klara, end\u00fcstriyel temizlik \u00fcr\u00fcnlerinden [&hellip;]<\/p>\n","protected":false},"author":1,"featured_media":0,"parent":0,"menu_order":0,"comment_status":"closed","ping_status":"closed","template":"","meta":{"footnotes":""},"class_list":["post-1217","page","type-page","status-publish","hentry"],"_links":{"self":[{"href":"https:\/\/filizgidatemizlik.com\/index.php\/wp-json\/wp\/v2\/pages\/1217","targetHints":{"allow":["GET"]}}],"collection":[{"href":"https:\/\/filizgidatemizlik.com\/index.php\/wp-json\/wp\/v2\/pages"}],"about":[{"href":"https:\/\/filizgidatemizlik.com\/index.php\/wp-json\/wp\/v2\/types\/page"}],"author":[{"embeddable":true,"href":"https:\/\/filizgidatemizlik.com\/index.php\/wp-json\/wp\/v2\/users\/1"}],"replies":[{"embeddable":true,"href":"https:\/\/filizgidatemizlik.com\/index.php\/wp-json\/wp\/v2\/comments?post=1217"}],"version-history":[{"count":7,"href":"https:\/\/filizgidatemizlik.com\/index.php\/wp-json\/wp\/v2\/pages\/1217\/revisions"}],"predecessor-version":[{"id":1266,"href":"https:\/\/filizgidatemizlik.com\/index.php\/wp-json\/wp\/v2\/pages\/1217\/revisions\/1266"}],"wp:attachment":[{"href":"https:\/\/filizgidatemizlik.com\/index.php\/wp-json\/wp\/v2\/media?parent=1217"}],"curies":[{"name":"wp","href":"https:\/\/api.w.org\/{rel}","templated":true}]}}